{"id":2229,"date":"2011-09-04T20:02:18","date_gmt":"2011-09-04T20:02:18","guid":{"rendered":"http:\/\/www.primerbrief.com\/?page_id=2229"},"modified":"2011-09-15T15:36:10","modified_gmt":"2011-09-15T18:36:10","slug":"como-mandar-material","status":"publish","type":"page","link":"https:\/\/www.primerbrief.com\/?page_id=2229","title":{"rendered":"Como mandar material"},"content":{"rendered":"<div style=\" background-color:#F4F4F4; width:560px; float:left; padding:10px; margin-top:20px; margin-bottom:20px; border-top:solid 10px #CCCCCC; border-bottom:solid 10px #CCCCCC; line-height:16px; font-size:12px\">\n<img decoding=\"async\" style=\"width:560px; border-top:solid 0px; border-right:solid 0px; border-bottom:solid 0px; border-left:solid 0px; margin-bottom:10px; float:left\" src=\"http:\/\/www.primerbrief.com\/wp-content\/uploads\/2011\/07\/PB-RecuadroEnviaTusTrabajosACarpeta.jpg\" \/><br \/>\nCARPETA es una secci\u00f3n pensada para exhibir los trabajos de los futuros publicitarios que suelen incluirse en una carpeta de presentaci\u00f3n: anuncios gr\u00e1ficos, comerciales, afiches, guiones de TV o de radio, acciones, casos, etc; y tambi\u00e9n trabajos de corte m\u00e1s art\u00edstico, como fotograf\u00edas, cortometrajes, videoclips, textos literarios, etc.<br \/>\nSi quer\u00e9s enviar trabajos para esta secci\u00f3n, mandalas por email a <a href=\"mailto:carpeta@primerbrief.com\" onclick=\"_gaq.push(['_trackEvent','mailto','carpeta@primerbrief.com']);\" >carpeta@primerbrief.com<\/a>, incluyendo los siguientes datos: <strong>t\u00edtulo de la obra, nombre y apellido del o los autores, pa\u00eds(es) de nacimiento, emails de contacto, URLs personales, materia para la que fue hecho el trabajo, nombre y apellido del\/la profesor\/a, lugar de estudio, carrera o curso, ciudad, pa\u00eds y el a\u00f1o que est\u00e1s cursando<\/strong>.<br \/>\nAdem\u00e1s, indic\u00e1 una, dos o tres (m\u00e1ximo) de las siguientes secciones a las que tu trabajo corresponda: <strong>Integral, Gr\u00e1fica, Comerciales TV, V\u00eda P\u00fablica, Internet, Radio, Marketing Directo, Branding, Medios, Dise\u00f1o, Cortos &#038; Videoclips, Fotograf\u00eda, Artes Visuales, Literatura, M\u00fasica<\/strong>.<\/p>\n<p><span style=\"font-size: 10pt\"><strong>NOTAS<\/strong><\/span><br \/>\n<span style=\"font-size: 8pt; line-height: 10pt\">1) Los autores de los trabajos incluidos en este post han enviado expresamente el material a PRIMER BRIEF y han brindado de ese modo su permiso para que el material sea publicado.<br \/>\n2) Se sobreentiende que los trabajos publicados en esta secci\u00f3n no son publicados con esp\u00edritu comercial alguno y son simples ejercicios de aprendizaje. Y es en ese sentido que sus creadores hacen libre uso de nombres, isotipos y logotipos de marcas reconocidas.<\/span>\n<\/div>\n","protected":false},"excerpt":{"rendered":"<p>CARPETA es una secci\u00f3n pensada para exhibir los trabajos de los futuros publicitarios que suelen incluirse en una carpeta de presentaci\u00f3n: anuncios gr\u00e1ficos, comerciales, afiches, guiones de TV o de radio, acciones, casos, etc; y tambi\u00e9n trabajos de corte m\u00e1s art\u00edstico, como fotograf\u00edas, cortometrajes, videoclips, textos literarios, etc. Si quer\u00e9s enviar trabajos para esta secci\u00f3n, mandalas por email a carpeta@primerbrief.com, [&hellip;]<\/p>\n","protected":false},"author":3,"featured_media":0,"parent":0,"menu_order":0,"comment_status":"open","ping_status":"open","template":"","meta":{"footnotes":""},"class_list":["post-2229","page","type-page","status-publish","hentry"],"_links":{"self":[{"href":"https:\/\/www.primerbrief.com\/index.php?rest_route=\/wp\/v2\/pages\/2229","targetHints":{"allow":["GET"]}}],"collection":[{"href":"https:\/\/www.primerbrief.com\/index.php?rest_route=\/wp\/v2\/pages"}],"about":[{"href":"https:\/\/www.primerbrief.com\/index.php?rest_route=\/wp\/v2\/types\/page"}],"author":[{"embeddable":true,"href":"https:\/\/www.primerbrief.com\/index.php?rest_route=\/wp\/v2\/users\/3"}],"replies":[{"embeddable":true,"href":"https:\/\/www.primerbrief.com\/index.php?rest_route=%2Fwp%2Fv2%2Fcomments&post=2229"}],"version-history":[{"count":3,"href":"https:\/\/www.primerbrief.com\/index.php?rest_route=\/wp\/v2\/pages\/2229\/revisions"}],"predecessor-version":[{"id":2908,"href":"https:\/\/www.primerbrief.com\/index.php?rest_route=\/wp\/v2\/pages\/2229\/revisions\/2908"}],"wp:attachment":[{"href":"https:\/\/www.primerbrief.com\/index.php?rest_route=%2Fwp%2Fv2%2Fmedia&parent=2229"}],"curies":[{"name":"wp","href":"https:\/\/api.w.org\/{rel}","templated":true}]}}