{"id":400,"date":"2011-06-24T22:00:59","date_gmt":"2011-06-24T22:00:59","guid":{"rendered":"http:\/\/www.primerbrief.com\/?page_id=400"},"modified":"2025-05-22T08:29:13","modified_gmt":"2025-05-22T11:29:13","slug":"staff","status":"publish","type":"page","link":"https:\/\/www.primerbrief.com\/?page_id=400","title":{"rendered":"Equipo y contacto"},"content":{"rendered":"\n<div align=\"left\"><\/div>\n\n\n\n<p>&nbsp;<br \/>\n<img loading=\"lazy\" decoding=\"async\" class=\"alignleft size-full wp-image-4110\" style=\"margin: 0px 10px 0px 0px;\" src=\"http:\/\/www.primerbrief.com\/wp-content\/uploads\/2016\/07\/staff-pancho2016-100x100px.jpg\" alt=\"\" width=\"100\" height=\"100\" \/><strong>PANCHO DONDO<\/a><\/strong><br \/>\nDirector<br \/>\n<a href=\"mailto:panchodondo@primerbrief.com\" onclick=\"_gaq.push(['_trackEvent','mailto','panchodondo@primerbrief.com']);\" >panchodondo@primerbrief.com<\/a><\/p>\n\n<p>&nbsp;<br \/>\n<img loading=\"lazy\" decoding=\"async\" class=\"alignleft size-full wp-image-4110\" style=\"margin: 0px 10px 0px 0px;\" src=\"https:\/\/www.primerbrief.com\/wp-content\/uploads\/2025\/05\/1000135925.jpg\" alt=\"\" width=\"100\" height=\"100\" \/><strong>PILAR HERRERA<\/a><\/strong><br \/>\nRedactora<br \/>\n<a href=\"mailto:pilarherrera@primerbrief.com\" onclick=\"_gaq.push(['_trackEvent','mailto','pilarherrera@primerbrief.com']);\" >pilarherrera@primerbrief.com<\/a><\/p>\n\n<p>&nbsp;<br \/>\n<img loading=\"lazy\" decoding=\"async\" class=\"alignleft size-full wp-image-4110\" style=\"margin: 0px 10px 0px 0px;\" src=\"https:\/\/www.primerbrief.com\/wp-content\/uploads\/2025\/05\/1000135928.jpg\" alt=\"\" width=\"100\" height=\"100\" \/><strong>PILAR ALONSO<\/a><\/strong><br \/>\nRedactora<br \/>\n<a href=\"mailto:pilaralonso@primerbrief.com\" onclick=\"_gaq.push(['_trackEvent','mailto','pilaralonso@primerbrief.com']);\" >pilaralonso@primerbrief.com<\/a><\/p>\n\n<p>&nbsp;<br \/>\n<img loading=\"lazy\" decoding=\"async\" class=\"alignleft size-full wp-image-4110\" style=\"margin: 0px 10px 0px 0px;\" src=\"http:\/\/www.primerbrief.com\/wp-content\/uploads\/2016\/07\/staff-jose2016-100x100px.jpg\" alt=\"\" width=\"100\" height=\"100\" \/><strong>JOS\u00c9 ESCAN\u00c9S<\/a><\/strong><br \/>\nCoordinador y editor<br \/>\n<a href=\"mailto:joseescanes@primerbrief.com\" onclick=\"_gaq.push(['_trackEvent','mailto','joseescanes@primerbrief.com']);\" >joseescanes@primerbrief.com<\/a><\/p>\n\n<p>&nbsp;<br \/>\n<img loading=\"lazy\" decoding=\"async\" class=\"alignleft size-full wp-image-4110\" style=\"margin: 0px 10px 0px 0px;\" src=\"http:\/\/www.primerbrief.com\/wp-content\/uploads\/2011\/06\/staff-juliandondo-100x100px.jpg\" alt=\"\" width=\"100\" height=\"100\" \/><strong>JULI\u00c1N DONDO<\/a><\/strong><br \/>\nCreativo y editor<br \/>\n<a href=\"mailto:juliandondo@primerbrief.com\" onclick=\"_gaq.push(['_trackEvent','mailto','juliandondo@primerbrief.com']);\" >juliandondo@primerbrief.com<\/a><\/p>\n\n<p>&nbsp;<br \/>\n<img loading=\"lazy\" decoding=\"async\" class=\"alignleft size-full wp-image-4110\" style=\"margin: 0px 10px 0px 0px;\" src=\"http:\/\/www.primerbrief.com\/wp-content\/uploads\/2011\/06\/javierdondo-100x100px.jpg\" alt=\"\" width=\"100\" height=\"100\" \/><strong>JAVIER DONDO<\/a><\/strong><br \/>\nRedactor y editor<br \/>\n<a href=\"mailto:javierdondo@primerbrief.com\" onclick=\"_gaq.push(['_trackEvent','mailto','javierdondo@primerbrief.com']);\" >javierdondo@primerbrief.com<\/a><\/p>\n\n<p>&nbsp;<br \/>\n<img loading=\"lazy\" decoding=\"async\" class=\"alignleft size-full wp-image-4110\" style=\"margin: 0px 10px 0px 0px;\" src=\"http:\/\/www.primerbrief.com\/wp-content\/uploads\/2016\/07\/staff-rober2016-100x100px.jpg\" alt=\"\" width=\"100\" height=\"100\" \/><strong>ROBERTO POLLIO<\/a><\/strong><br \/>\nColumnista y editor<br \/>\n<a href=\"mailto:robertopollio@primerbrief.com\" onclick=\"_gaq.push(['_trackEvent','mailto','robertopollio@primerbrief.com']);\" >robertopollio@primerbrief.com<\/a><\/p>\n<p>&nbsp;<br \/>\n\n\n\n<div class=\"wp-block-group\"><div class=\"wp-block-group__inner-container is-layout-constrained wp-block-group-is-layout-constrained\"><\/div><\/div>\n","protected":false},"excerpt":{"rendered":"<p>&nbsp; PANCHO DONDO Director panchodondo@primerbrief.com &nbsp; PILAR HERRERA Redactora pilarherrera@primerbrief.com &nbsp; PILAR ALONSO Redactora pilaralonso@primerbrief.com &nbsp; JOS\u00c9 ESCAN\u00c9S Coordinador y editor joseescanes@primerbrief.com &nbsp; JULI\u00c1N DONDO Creativo y editor juliandondo@primerbrief.com &nbsp; JAVIER DONDO Redactor y editor javierdondo@primerbrief.com &nbsp; ROBERTO POLLIO Columnista y editor robertopollio@primerbrief.com &nbsp;<\/p>\n","protected":false},"author":1,"featured_media":0,"parent":0,"menu_order":0,"comment_status":"open","ping_status":"open","template":"","meta":{"footnotes":""},"class_list":["post-400","page","type-page","status-publish","hentry"],"_links":{"self":[{"href":"https:\/\/www.primerbrief.com\/index.php?rest_route=\/wp\/v2\/pages\/400","targetHints":{"allow":["GET"]}}],"collection":[{"href":"https:\/\/www.primerbrief.com\/index.php?rest_route=\/wp\/v2\/pages"}],"about":[{"href":"https:\/\/www.primerbrief.com\/index.php?rest_route=\/wp\/v2\/types\/page"}],"author":[{"embeddable":true,"href":"https:\/\/www.primerbrief.com\/index.php?rest_route=\/wp\/v2\/users\/1"}],"replies":[{"embeddable":true,"href":"https:\/\/www.primerbrief.com\/index.php?rest_route=%2Fwp%2Fv2%2Fcomments&post=400"}],"version-history":[{"count":96,"href":"https:\/\/www.primerbrief.com\/index.php?rest_route=\/wp\/v2\/pages\/400\/revisions"}],"predecessor-version":[{"id":38193,"href":"https:\/\/www.primerbrief.com\/index.php?rest_route=\/wp\/v2\/pages\/400\/revisions\/38193"}],"wp:attachment":[{"href":"https:\/\/www.primerbrief.com\/index.php?rest_route=%2Fwp%2Fv2%2Fmedia&parent=400"}],"curies":[{"name":"wp","href":"https:\/\/api.w.org\/{rel}","templated":true}]}}