{"id":6988,"date":"2012-03-09T13:12:56","date_gmt":"2012-03-09T16:12:56","guid":{"rendered":"http:\/\/www.primerbrief.com\/?page_id=6988"},"modified":"2012-03-09T13:26:39","modified_gmt":"2012-03-09T16:26:39","slug":"pb-en-colegios","status":"publish","type":"page","link":"https:\/\/www.primerbrief.com\/?page_id=6988","title":{"rendered":"PB en Colegios"},"content":{"rendered":"<p>&nbsp;<\/p>\n<h6>Hac\u00e9 clic en las im\u00e1genes para saber qu\u00e9 es PB EN COLEGIOS o para ver las notas de cada uno.<\/h6>\n<p><a href=\"http:\/\/www.primerbrief.com\/?page_id=2250\" onclick=\"_gaq.push(['_trackEvent', 'outbound-article-int', 'http:\/\/www.primerbrief.com\/?page_id=2250', '']);\" ><img loading=\"lazy\" decoding=\"async\" src=\"http:\/\/www.primerbrief.com\/wp-content\/uploads\/2012\/03\/logo-colegios-queson.jpg\" alt=\"\" title=\"Hac\u00e9 clic para saber qu\u00e9 son\" width=\"500\" height=\"300\" class=\"alignleft size-full wp-image-6989\" srcset=\"https:\/\/www.primerbrief.com\/wp-content\/uploads\/2012\/03\/logo-colegios-queson.jpg 500w, https:\/\/www.primerbrief.com\/wp-content\/uploads\/2012\/03\/logo-colegios-queson-300x180.jpg 300w\" sizes=\"auto, (max-width: 500px) 100vw, 500px\" \/><\/a><\/p>\n<p style=\"clear:left;\">\n<p>&nbsp;<\/p>\n<h6>PB EN COLEGIOS realizados.<\/h6>\n<p><a href=\"http:\/\/www.primerbrief.com\/?p=3637\" onclick=\"_gaq.push(['_trackEvent', 'outbound-article-int', 'http:\/\/www.primerbrief.com\/?p=3637', '']);\" ><img loading=\"lazy\" decoding=\"async\" src=\"http:\/\/www.primerbrief.com\/wp-content\/uploads\/2012\/03\/medalla-colegios-1.jpg\" alt=\"\" title=\"Hac\u00e9 clic para ir a la nota\" width=\"580\" height=\"250\" class=\"alignleft size-full wp-image-6990\" srcset=\"https:\/\/www.primerbrief.com\/wp-content\/uploads\/2012\/03\/medalla-colegios-1.jpg 580w, https:\/\/www.primerbrief.com\/wp-content\/uploads\/2012\/03\/medalla-colegios-1-300x129.jpg 300w\" sizes=\"auto, (max-width: 580px) 100vw, 580px\" \/><\/a><\/p>\n<p><strong>PB EN COLEGIOS #01<\/strong><br \/>\nParticipantes:<br \/>\n<strong>Pancho Dondo<\/strong> (Director de PB)<br \/>\n<strong>76 alumnos<\/strong> de 3\u00b0, 4\u00b0 y 5\u00b0 a\u00f1os de un colegio secundario del barrio de Belgrano<\/p>\n","protected":false},"excerpt":{"rendered":"<p>&nbsp; Hac\u00e9 clic en las im\u00e1genes para saber qu\u00e9 es PB EN COLEGIOS o para ver las notas de cada uno. &nbsp; PB EN COLEGIOS realizados. PB EN COLEGIOS #01 Participantes: Pancho Dondo (Director de PB) 76 alumnos de 3\u00b0, 4\u00b0 y 5\u00b0 a\u00f1os de un colegio secundario del barrio de Belgrano<\/p>\n","protected":false},"author":1,"featured_media":0,"parent":0,"menu_order":0,"comment_status":"open","ping_status":"open","template":"","meta":{"footnotes":""},"class_list":["post-6988","page","type-page","status-publish","hentry"],"_links":{"self":[{"href":"https:\/\/www.primerbrief.com\/index.php?rest_route=\/wp\/v2\/pages\/6988","targetHints":{"allow":["GET"]}}],"collection":[{"href":"https:\/\/www.primerbrief.com\/index.php?rest_route=\/wp\/v2\/pages"}],"about":[{"href":"https:\/\/www.primerbrief.com\/index.php?rest_route=\/wp\/v2\/types\/page"}],"author":[{"embeddable":true,"href":"https:\/\/www.primerbrief.com\/index.php?rest_route=\/wp\/v2\/users\/1"}],"replies":[{"embeddable":true,"href":"https:\/\/www.primerbrief.com\/index.php?rest_route=%2Fwp%2Fv2%2Fcomments&post=6988"}],"version-history":[{"count":3,"href":"https:\/\/www.primerbrief.com\/index.php?rest_route=\/wp\/v2\/pages\/6988\/revisions"}],"predecessor-version":[{"id":6996,"href":"https:\/\/www.primerbrief.com\/index.php?rest_route=\/wp\/v2\/pages\/6988\/revisions\/6996"}],"wp:attachment":[{"href":"https:\/\/www.primerbrief.com\/index.php?rest_route=%2Fwp%2Fv2%2Fmedia&parent=6988"}],"curies":[{"name":"wp","href":"https:\/\/api.w.org\/{rel}","templated":true}]}}